{"id":3,"date":"2023-01-16T17:12:44","date_gmt":"2023-01-16T17:12:44","guid":{"rendered":"https:\/\/claudiacouture.com\/?page_id=3"},"modified":"2024-07-28T17:17:56","modified_gmt":"2024-07-28T17:17:56","slug":"privacy-policy","status":"publish","type":"page","link":"https:\/\/claudiacouture.com\/es\/privacy-policy\/","title":{"rendered":"Pol\u00edtica de privacidad"},"content":{"rendered":"<div data-elementor-type=\"wp-page\" data-elementor-id=\"3\" class=\"elementor elementor-3\" data-elementor-post-type=\"page\">\n\t\t\t\t<div class=\"elementor-section elementor-top-section elementor-element elementor-element-6dd64a4f elementor-section-boxed elementor-section-height-default elementor-section-height-default\" data-id=\"6dd64a4f\" data-element_type=\"section\">\n\t\t\t\t\t\t<div class=\"elementor-container elementor-column-gap-default\">\n\t\t\t\t\t<div class=\"elementor-column elementor-col-100 elementor-top-column elementor-element elementor-element-17f843db\" data-id=\"17f843db\" data-element_type=\"column\">\n\t\t\t<div class=\"elementor-widget-wrap elementor-element-populated\">\n\t\t\t\t\t\t<div class=\"elementor-element elementor-element-14f5373e elementor-widget elementor-widget-text-editor\" data-id=\"14f5373e\" data-element_type=\"widget\" data-widget_type=\"text-editor.default\">\n\t\t\t\t<div class=\"elementor-widget-container\">\n\t\t\t\t\t\t\t\t\t<p><\/p><header class=\"entry-header\"><h1 class=\"wp-block-heading\">Pol\u00edtica de privacidad<\/h1><p class=\"translation-block\">Pol\u00edtica de privacidad e informaci\u00f3n sobre el tratamiento de datos personales.<br>Documento v\u00e1lido a partir del 10 de mayo de 2023. Consulte este documento peri\u00f3dicamente para ver las actualizaciones.<\/p><p>Creemos en la transparencia y nos preocupamos por la privacidad de sus datos. Recopilamos estrictamente la informaci\u00f3n necesaria para prestar los servicios solicitados y mantenerla segura.<\/p><p>INFORMACI\u00d3N GENERAL<\/p><p>Esta Pol\u00edtica explica nuestras pr\u00e1cticas de privacidad para https:\/\/claudiacouture.com\/ (el \u00abSitio\u00bb). Esta Pol\u00edtica de Privacidad se aplica a todos los servicios prestados por VEC DESIGN SRL (en adelante, \u00abClaudiaCouture\u00bb, pero tambi\u00e9n \u00abnosotros\u00bb o \u00abnuestro\u00bb). Esta Pol\u00edtica de Privacidad explica por qu\u00e9 y c\u00f3mo recopilamos y utilizamos la informaci\u00f3n personal de nuestros clientes.<\/p><p>VEC DESIGN SRL. est\u00e1 inscrita en el Registro Mercantil con el n\u00famero J12\/3723\/2007, C\u00f3digo Fiscal 22305200 y tiene su domicilio social en Loc. Cluj Napoca, Str. Crinului 9 A, Ap. 6. VEC DESIGN SRL es el operador de datos personales.<\/p><p>A continuaci\u00f3n encontrar\u00e1 informaci\u00f3n sobre lo siguiente:<\/p><p class=\"translation-block\">Recopilaci\u00f3n de informaci\u00f3n<br>2. C\u00f3mo usamos la informaci\u00f3n<br>3. Finalidad del tratamiento de datos.<br>4. Destinatarios de los datos personales.<br>5. Medidas de seguridad.<br>6. Periodo de conservaci\u00f3n<br>7. Sus derechos<br>8. L\u00edmite de edad<br>9. Cambios en la Pol\u00edtica de Privacidad<br>10. Preguntas y contacto<\/p><p class=\"translation-block\">1. RECOPILACI\u00d3N DE INFORMACI\u00d3N<br>Cuando accede y navega por el sitio, recopilamos la siguiente informaci\u00f3n sobre usted:<\/p><p>Informaci\u00f3n enviada por usted<\/p><p>Informaci\u00f3n de contacto: Recibimos y almacenamos toda la informaci\u00f3n que nos env\u00eda al completar un pedido. Los formularios de pedido recopilan informaci\u00f3n sobre usted, incluyendo: nombre y apellidos, direcci\u00f3n postal, n\u00famero de tel\u00e9fono, direcci\u00f3n de correo electr\u00f3nico y datos de ubicaci\u00f3n (IP).<\/p><p>Informaci\u00f3n que recibimos a trav\u00e9s del uso de nuestros servicios.<\/p><p>Informaci\u00f3n autom\u00e1tica: Cuando visita nuestro sitio, recopilamos informaci\u00f3n que puede constituir datos personales. Esta informaci\u00f3n incluye la direcci\u00f3n IP, la URL de referencia, la \u00faltima p\u00e1gina visitada, el tipo de navegador utilizado y el sistema operativo. Podemos registrar la fecha y hora de acceso, as\u00ed como el n\u00famero de clics realizados en nuestro sitio web.<\/p><p>Herramientas de medici\u00f3n de tr\u00e1fico: Utilizamos servicios de medici\u00f3n de tr\u00e1fico de terceros (Google Analytics) para recopilar informaci\u00f3n sobre el uso del sitio, como las visitas y las p\u00e1ginas visitadas. Tambi\u00e9n monitorizamos la popularidad del contenido publicado. Las herramientas de medici\u00f3n de tr\u00e1fico utilizan t\u00e9cnicas de seguimiento espec\u00edficas (por ejemplo, cookies) para reconocer el dispositivo y analizar su informaci\u00f3n. Recopilan la siguiente informaci\u00f3n: qu\u00e9 p\u00e1ginas visit\u00f3, cu\u00e1nto tiempo permaneci\u00f3 en ellas, su direcci\u00f3n IP, su sistema operativo, su navegador y qu\u00e9 sitio web visit\u00f3 antes de visitar el nuestro.<\/p><p>Registros de informaci\u00f3n: Cuando visita el Sitio, accede al contenido proporcionado por nosotros, utiliza nuestros servicios, nos hace preguntas, nos env\u00eda un correo electr\u00f3nico o participa en concursos o completa formularios de satisfacci\u00f3n en nuestro sitio web, recopilamos y almacenamos autom\u00e1ticamente una cantidad de informaci\u00f3n de archivos de registro. Esta informaci\u00f3n incluye su direcci\u00f3n IP, direcci\u00f3n web, sitio visitado anteriormente, direcci\u00f3n web de salida, navegador utilizado, sistema operativo, fecha y hora, y cualquier error recibido del Sitio o los servicios.<br \/>Other information: We receive and store any information you submit on our website, by email, telephone or any other communication with our team or in connection with the provision of contracted services or products. Each time you contact us, we may record the phone call to ensure that we have accurate information so that we can provide the contracted services, but also to support the actions taken by our team in the event of a complaint to the response received from us.<\/p><p class=\"translation-block\">2. C\u00d3MO USAMOS LA INFORMACI\u00d3N<br>Informaci\u00f3n que usted proporciona:<\/p><p>Recopilamos, almacenamos y utilizamos la informaci\u00f3n que nos proporciona por las siguientes razones:<\/p><p>1. Informaci\u00f3n de contacto: Para contactarle sobre sus pedidos, su estado y cambios en las funciones de nuestros servicios y del Sitio. Adem\u00e1s, si ha aceptado expresamente recibir dicha informaci\u00f3n, podremos enviarle informaci\u00f3n sobre nuestros nuevos productos o servicios, ofertas especiales o notificaciones peri\u00f3dicas. Utilizamos el correo electr\u00f3nico, el tel\u00e9fono o los mensajes de texto (SMS) para informarle de cualquier problema con su pedido, como actualizaciones o mejoras del servicio.<\/p><\/header><p><\/p>\t\t\t\t\t\t\t\t<\/div>\n\t\t\t\t<\/div>\n\t\t\t\t\t<\/div>\n\t\t<\/div>\n\t\t\t\t\t<\/div>\n\t\t<\/div>\t\t<\/div>","protected":false},"excerpt":{"rendered":"","protected":false},"author":1,"featured_media":0,"parent":0,"menu_order":0,"comment_status":"closed","ping_status":"closed","template":"","meta":{"footnotes":""},"class_list":["post-3","page","type-page","status-publish","hentry"],"_links":{"self":[{"href":"https:\/\/claudiacouture.com\/es\/wp-json\/wp\/v2\/pages\/3","targetHints":{"allow":["GET"]}}],"collection":[{"href":"https:\/\/claudiacouture.com\/es\/wp-json\/wp\/v2\/pages"}],"about":[{"href":"https:\/\/claudiacouture.com\/es\/wp-json\/wp\/v2\/types\/page"}],"author":[{"embeddable":true,"href":"https:\/\/claudiacouture.com\/es\/wp-json\/wp\/v2\/users\/1"}],"replies":[{"embeddable":true,"href":"https:\/\/claudiacouture.com\/es\/wp-json\/wp\/v2\/comments?post=3"}],"version-history":[{"count":19,"href":"https:\/\/claudiacouture.com\/es\/wp-json\/wp\/v2\/pages\/3\/revisions"}],"predecessor-version":[{"id":5416,"href":"https:\/\/claudiacouture.com\/es\/wp-json\/wp\/v2\/pages\/3\/revisions\/5416"}],"wp:attachment":[{"href":"https:\/\/claudiacouture.com\/es\/wp-json\/wp\/v2\/media?parent=3"}],"curies":[{"name":"wp","href":"https:\/\/api.w.org\/{rel}","templated":true}]}}