{"id":3609,"date":"2024-02-03T12:01:35","date_gmt":"2024-02-03T12:01:35","guid":{"rendered":"https:\/\/claudiacouture.com\/?page_id=3609"},"modified":"2025-05-07T07:49:40","modified_gmt":"2025-05-07T07:49:40","slug":"terms-and-conditions","status":"publish","type":"page","link":"https:\/\/claudiacouture.com\/es\/terms-and-conditions\/","title":{"rendered":"T\u00e9rminos y condiciones"},"content":{"rendered":"<div data-elementor-type=\"wp-page\" data-elementor-id=\"3609\" class=\"elementor elementor-3609\" data-elementor-post-type=\"page\">\n\t\t\t\t\t\t<div class=\"elementor-section elementor-top-section elementor-element elementor-element-1397762 elementor-section-boxed elementor-section-height-default elementor-section-height-default\" data-id=\"1397762\" data-element_type=\"section\">\n\t\t\t\t\t\t<div class=\"elementor-container elementor-column-gap-default\">\n\t\t\t\t\t<div class=\"elementor-column elementor-col-100 elementor-top-column elementor-element elementor-element-758a6b4\" data-id=\"758a6b4\" data-element_type=\"column\">\n\t\t\t<div class=\"elementor-widget-wrap elementor-element-populated\">\n\t\t\t\t\t\t<div class=\"elementor-element elementor-element-8b3d307 elementor-widget-tablet__width-initial elementor-widget elementor-widget-text-editor\" data-id=\"8b3d307\" data-element_type=\"widget\" data-widget_type=\"text-editor.default\">\n\t\t\t\t<div class=\"elementor-widget-container\">\n\t\t\t\t\t\t\t\t\t<p>T\u00e9rminos y condiciones<\/p><p>The general terms and conditions will apply to all sales of goods by:<\/p><p>VEC DESIGN SRL a trav\u00e9s del sitio en l\u00ednea www.claudiacouture.com, al comprador. Por lo tanto, los siguientes t\u00e9rminos significar\u00e1n: Comprador: persona f\u00edsica o jur\u00eddica que emite un Pedido. Vendedor: VEC DESIGN SRL CUI:22305200 Punto de trabajo\/Direcci\u00f3n de correspondencia Calle Bunuri: cualquier producto, incluidos los documentos mencionados en el pedido, que el Vendedor debe proporcionar al Comprador. Pedido: documento electr\u00f3nico mediante el cual el Vendedor acepta entregar los Bienes y el Comprador acepta recibirlos y pagarlos. Contrato: un Pedido confirmado por el Vendedor. Derechos de propiedad intelectual: derechos de autor y derechos de autor, derechos de bases de datos, derechos de dise\u00f1o, derechos de modelo, patentes, marcas comerciales y registros de nombres de dominio para cualquiera de los anteriores. Especificaciones: todas las especificaciones y\/o descripciones de los Bienes seg\u00fan lo establecido en el Pedido.<\/p><p>Documentos contractuales<\/p><p>Al realizar un pedido electr\u00f3nico o telef\u00f3nico en el sitio web mencionado, el Comprador acepta el m\u00e9todo de comunicaci\u00f3n (tel\u00e9fono o correo electr\u00f3nico) mediante el cual el Vendedor realiza sus operaciones. El pedido constar\u00e1 de los siguientes documentos, por orden de importancia:<\/p><p class=\"translation-block\">El pedido (junto con indicaciones claras de las fechas de entrega y facturaci\u00f3n) y sus t\u00e9rminos espec\u00edficos<br>Especificaciones del comprador (si corresponde)<br>T\u00e9rminos y condiciones<\/p><p>Si el Vendedor confirma el pedido, esto implicar\u00e1 la aceptaci\u00f3n plena de sus t\u00e9rminos. La aceptaci\u00f3n del pedido se considerar\u00e1 completada mediante confirmaci\u00f3n verbal (telef\u00f3nica) o electr\u00f3nica (correo electr\u00f3nico) del Comprador. El Vendedor no considerar\u00e1 en ning\u00fan momento un pedido no confirmado como un Contrato. El presente Acuerdo entrar\u00e1 en vigor tras la confirmaci\u00f3n del Pedido por parte del Vendedor. La confirmaci\u00f3n se realizar\u00e1 por tel\u00e9fono o correo electr\u00f3nico.<\/p><p>Derecho de propiedad intelectual (DPI)<\/p><p>El Comprador comprende los derechos de propiedad intelectual y no divulgar\u00e1 a terceros ni har\u00e1 p\u00fablica (en internet ni en los medios de comunicaci\u00f3n) la informaci\u00f3n recibida del Vendedor. Asimismo, los nombres de los productos, as\u00ed como los signos gr\u00e1ficos, son marcas registradas y no podr\u00e1n ser tomados, copiados ni utilizados sin el consentimiento por escrito del titular. Cualquier notificaci\u00f3n de infracci\u00f3n de derechos de autor deber\u00e1 realizarse por escrito, por correo electr\u00f3nico a contact@claudiacouture.com.<\/p><p>facturaci\u00f3n<\/p><p>El precio, la forma y el plazo de pago se especifican en el Pedido. El Vendedor emitir\u00e1 una factura al Comprador por los Productos entregados, y este deber\u00e1 proporcionar toda la informaci\u00f3n necesaria para emitir la factura de acuerdo con la legislaci\u00f3n vigente. Todos los precios de los productos a la venta en el sitio web www.claudiacouture.com incluyen el IVA.<\/p><p>Entrega<\/p><p>El Vendedor se compromete a enviar la Mercanc\u00eda al Comprador mediante el sistema de mensajer\u00eda Fan Curier. Tarifas de env\u00edo: 1. Tarifa de env\u00edo est\u00e1ndar: 15 lei* para pedidos inferiores a 300 lei. 2. Env\u00edo gratuito* para pedidos superiores a 300 lei. * Solo en localidades donde SameDay no cobra el impuesto por kil\u00f3metro exterior. El plazo de entrega es de 1 a 3 d\u00edas laborables desde la entrega del paquete a la empresa de mensajer\u00eda. Env\u00edos internacionales: La tarifa de transporte est\u00e1ndar es de 15 lei para paquetes cuyo peso no supere los 2 kg. Para paquetes de m\u00e1s de 2 kg, la tarifa de transporte se calcular\u00e1 de la siguiente manera: tarifa de transporte est\u00e1ndar + 10 lei\/kg. Los env\u00edos internacionales solo se realizar\u00e1n en los estados miembros de la Uni\u00f3n Europea. El plazo de entrega es de 3 a 8 d\u00edas laborables desde la entrega del paquete a la empresa de mensajer\u00eda.<\/p><p>Transporte \u2013 Embalaje<\/p><p>El Vendedor descarga los riesgos y responsabilidades asociados a las Mercanc\u00edas en el momento de su entrega a la empresa de mensajer\u00eda interna con la que colabora el Vendedor o al representante del Comprador. El Vendedor garantizar\u00e1 el correcto embalaje de las Mercanc\u00edas y asegurar\u00e1 la transmisi\u00f3n de los documentos adjuntos.<\/p><p>Aceptaci\u00f3n<\/p><p>La aceptaci\u00f3n se efectuar\u00e1 cuando los Bienes cumplan con las caracter\u00edsticas mencionadas en el Pedido, o seg\u00fan otro acuerdo establecido entre el Vendedor y el Comprador. (cambio de productos, etc.)<\/p><ol><li style=\"font-weight: 400;\" aria-level=\"1\"><p>GARANT\u00cdAS<\/p><p>Todos los productos vendidos a trav\u00e9s del sitio web www.claudiacouture.com se benefician de condiciones de garant\u00eda de acuerdo con la legislaci\u00f3n vigente y las pol\u00edticas comerciales de los fabricantes. Los productos son nuevos, en su embalaje original y proceden de fuentes autorizadas por cada fabricante individual. DERECHO DE DESISTIMIENTO El comprador tiene derecho a desistir del Contrato, o a devolver un Bien en el plazo de 14 d\u00edas naturales, sin invocar ning\u00fan motivo y sin incurrir en otros costes que los de entrega. As\u00ed, seg\u00fan el GEO n\u00fam. 34\/2014, el plazo para la devoluci\u00f3n de un Bien expira a los 14 d\u00edas desde el d\u00eda en que el Comprador toma posesi\u00f3n f\u00edsica del Bien. Las personas jur\u00eddicas no se benefician del derecho de desistimiento. Si desea devolver un producto pedido a trav\u00e9s del sitio web, solo tiene que comunicar su intenci\u00f3n inequ\u00edvoca por correo electr\u00f3nico: contact@claudiacouture.com, por tel\u00e9fono al n\u00ba: +40733535555. Ind\u00edquenos sus datos completos, la direcci\u00f3n a la que se realiz\u00f3 la entrega, el n\u00famero de pedido, los productos que desea devolver y su precio, as\u00ed como, si opta por la modalidad de devoluci\u00f3n del importe abonado en cuenta, los datos de la cuenta en la que desea que se le reembolse el importe abonado. En el menor tiempo posible recibir\u00e1s por correo electr\u00f3nico una confirmaci\u00f3n del registro de tu solicitud de retiro. La solicitud de desistimiento s\u00f3lo se recibir\u00e1 si se respeta el plazo de 14 d\u00edas naturales desde la fecha de recepci\u00f3n del producto en la direcci\u00f3n de entrega comunicada al realizar el pedido. Los productos deben cumplir con las condiciones de devoluci\u00f3n a continuaci\u00f3n: El producto que est\u00e1 devolviendo debe estar en las mismas condiciones en que lo recibi\u00f3, con las etiquetas originales intactas y acompa\u00f1ado de los accesorios\/regalos con los que fue entregado. No se aceptar\u00e1n devoluciones de productos que presenten signos de uso o se encuentren en condiciones diferentes a cuando fueron recibidos por el cliente. Arte. 14, P\u00e1rrafo. 3 de la O.U.G. N.\u00ba 34\/2014: \u00abEl consumidor solo ser\u00e1 responsable de la disminuci\u00f3n del valor de los productos resultante de una manipulaci\u00f3n distinta a la necesaria para determinar la naturaleza, las caracter\u00edsticas y el funcionamiento de los productos\u00bb. Recomendamos conservar el embalaje completo y los accesorios que vienen con el producto. La devoluci\u00f3n de los dem\u00e1s productos s\u00f3lo se aceptar\u00e1 si est\u00e1n precintados. Si el producto sufre da\u00f1os por los cuales el consumidor sea responsable, nos reservamos el derecho de solicitar una reducci\u00f3n en el valor del producto para devolverlo a su estado original (si es posible) o, a opci\u00f3n del cliente, reenviaremos el producto al cliente a cargo del cliente. Esta cl\u00e1usula se aplica de acuerdo con O.U.G. 34\/2014, en el caso de adquisici\u00f3n de productos mediante t\u00e9cnicas de comunicaci\u00f3n a distancia. Paso 3. Te devolvemos tu dinero o cambiamos el producto Cuando el producto llegue a nuestra oficina comprobaremos que cumple las condiciones de devoluci\u00f3n mencionadas anteriormente y completaremos la devoluci\u00f3n seg\u00fan tu opci\u00f3n, a m\u00e1s tardar 14 d\u00edas a partir de la fecha en la que se nos informe de tu decisi\u00f3n de desistir del presente contrato o dentro de las 72 horas siguientes a la recepci\u00f3n del paquete si este llega m\u00e1s tarde del d\u00eda 12. El derecho de desistimiento no se aplica a los clientes que sean personas jur\u00eddicas. Los productos adquiridos por personas jur\u00eddicas (empresas, AFP, fundaciones, empresas sin \u00e1nimo de lucro) no se benefician de las condiciones mencionadas anteriormente respecto al derecho de desistimiento del contrato. Nuestros operadores le apoyar\u00e1n en la elecci\u00f3n del m\u00e9todo de devoluci\u00f3n y le proporcionar\u00e1n los detalles necesarios sobre la direcci\u00f3n de env\u00edo de los productos, embalaje o contacto con la empresa de mensajer\u00eda.<\/p><\/li><\/ol><ol><li style=\"font-weight: 400;\" aria-level=\"1\"><p>Fuerza mayor<\/p><p>Ninguna de las partes ser\u00e1 responsable por el incumplimiento de sus obligaciones contractuales, si dicho incumplimiento se debe a un caso de fuerza mayor. Fuerza mayor es el acontecimiento impredecible, ajeno a la voluntad de las partes y que no puede evitarse. Herramientas 9.a. Salvo en los casos en que no se haya previsto expresamente lo contrario, ninguna de las partes de un contrato celebrado y a\u00fan en curso, ser\u00e1 responsable por el incumplimiento en tiempo y\/o forma, total o parcial, de cualquiera de las obligaciones que le incumb\u00edan con base en el contrato, si la no ejecuci\u00f3n de la respectiva obligaci\u00f3n tuvo por causa un caso de fuerza mayor. 9.b. La parte o el representante legal de la parte que invoque el evento mencionado anteriormente est\u00e1 obligado a informar a la otra, inmediata y completamente, de su ocurrencia y a tomar todas las medidas a su disposici\u00f3n para limitar las consecuencias de dicho evento. 9. c. La parte o el representante legal de la parte que invoque el evento mencionado queda exento de esta obligaci\u00f3n s\u00f3lo si el evento le impide cumplirla. 9.d. Si dentro de los 15 d\u00edas siguientes a la fecha de su ocurrencia, el respectivo evento no cesa, cada parte tendr\u00e1 derecho a notificar a la otra la resoluci\u00f3n total de este contrato sin que ninguna de ellas pueda reclamar a la otra otros da\u00f1os y perjuicios. 9.e. La parte que invoque el caso de fuerza mayor deber\u00e1 probar la imposibilidad de cumplir las obligaciones dentro de los 30 d\u00edas a contar desde la fecha de ocurrencia del evento, pero dentro de los l\u00edmites del art. 10. c.<\/p><p>disputes<\/p><p>Any dispute arising between the Purchaser will be resolved amicably. In the event that the conflict was not resolved amicably, the competence rests with the Romanian courts. 10. a. By using\/visiting\/viewing\/etc the sites and\/or any content sent by www.claudiacouture.com to the User\/Client by accessing and\/or sending by any means (electronic, telephone, etc), he\/she declares his\/her agreement at least with these &#8220;Terms and Conditions of Use&#8221;. 10.b. Any dispute with reference to these &#8220;Terms and Conditions&#8221; that may arise between the CLIENT \/ USER and www.claudiacouture.com will be resolved amicably. 10. c. www.claudiacouture.com is not responsible for any loss, costs, lawsuits, claims, expenses or other liabilities, if these are directly caused by non-compliance with the Terms and Conditions. 10.d. Any dispute of any kind (excluding art. 11.b) that may arise between the USER and www.claudiacouture.com or its partners will be resolved amicably. If this is not possible, the conflict will be resolved in court, in accordance with the Romanian laws in force. 10.e. If any of the above clauses is found to be void or invalid for any reason, this clause will not affect the validity of the other clauses. 10. f. This document has been drafted and will be interpreted in accordance with Romanian legislation.<\/p><\/li><\/ol><ol><li style=\"font-weight: 400;\" aria-level=\"1\"><span style=\"font-weight: 400;\">VENTAS EN L\u00cdNEA<\/span><\/li><\/ol><p class=\"translation-block\"><span style=\"font-weight: 400\">11.a. El acceso al servicio est\u00e1 permitido a cualquier usuario que posea o cree una cuenta 11.a.1. Para poder acceder al servicio el USUARIO deber\u00e1 aceptar las disposiciones del documento. 11.a.2. <\/span><a href=\"https:\/\/claudiacouture.com\/es\/\" target=\"_self\"><span style=\"font-weight: 400\">www.claudiacouture.com<\/span><\/a><span style=\"font-weight: 400\">podr\u00e1 limitar el acceso del cliente al servicio en funci\u00f3n de su comportamiento previo. 11.a.3. Est\u00e1 prohibido compartir una cuenta entre varios clientes. 11.a.4. En caso de que se detecten accesos de este tipo, claudiacouture.com se reserva el derecho de cancelar o suspender el acceso del CLIENTE al contenido o servicio. Productos y servicios 11.b.1. VEC DESIGN SRL podr\u00e1 publicar en el sitio web informaci\u00f3n sobre productos, servicios y\/o promociones practicadas por ella o por cualquier otro tercero con el que VEC DESIGN SRL haya celebrado contratos de colaboraci\u00f3n, dentro de un per\u00edodo determinado y dentro del l\u00edmite de las existencias disponibles. 11.b.2. Los productos y\/o servicios adquiridos a trav\u00e9s del servicio est\u00e1n destinados exclusivamente para el uso personal del CLIENTE. 11.b.3. claudiacouture.com podr\u00e1 limitar la posibilidad de comprar productos o servicios disponibles en el sitio web en un momento determinado, a uno o m\u00e1s clientes. 11.b.4. Todos los precios relacionados con los productos o servicios presentados en el sitio incluyen IVA. 11.b.5. La facturaci\u00f3n de los productos adquiridos se realiza exclusivamente en RON. 11.b.6. En el caso de pagos en l\u00ednea, VEC DESIGN SRL no es\/no puede ser considerado responsable de ning\u00fan otro coste adicional en el que incurra el cliente, incluidos, entre otros, los gastos de conversi\u00f3n de moneda aplicados por el banco emisor de su tarjeta, si la moneda de su emisi\u00f3n difiere de RON. La responsabilidad de esta acci\u00f3n recae \u00fanicamente en el cliente. 11.b.7. Toda informaci\u00f3n utilizada para describir los productos y\/o servicios disponibles en el sitio (textos \/ im\u00e1genes est\u00e1ticas \/ din\u00e1micas \/ presentaciones multimedia \/ etc.) no representa una obligaci\u00f3n contractual por parte de VEC DESIGN SRL, siendo \u00e9stas a efectos de presentaci\u00f3n. 11.b.8. En la descripci\u00f3n de los productos y\/o servicios claudiacouture.com se reserva el derecho de utilizar otros productos (accesorios\/etc) que pueden no estar incluidos en los costos de los respectivos productos. Validez de la oferta 11.c.1. VEC DESIGN SRL se reserva el derecho de modificar las tarifas cobradas por los productos y\/o servicios disponibles en el sitio web sin previa notificaci\u00f3n al USUARIO o CLIENTE. 11.c.4. Los precios y la disponibilidad de los productos vendidos por VEC DESIGN SRL pueden sufrir cambios posteriores, vi\u00e9ndose influenciados por factores externos como la pol\u00edtica de precios de los distribuidores o la disponibilidad de los productos en sus stocks. 11.c.6. El CLIENTE podr\u00e1 renunciar a los productos y servicios adquiridos a trav\u00e9s del pedido, \u00fanicamente en el plazo de tiempo comprendido entre la emisi\u00f3n del pedido y su transformaci\u00f3n en contrato siempre que la forma de pago elegida por el cliente sea contra reembolso. 11.c.7. El CLIENTE podr\u00e1 renunciar a los productos y\/o servicios adquiridos mediante contrato, conforme al art. 8.9 Pedido en l\u00ednea 11.d.1. El CLIENTE podr\u00e1 realizar pedidos de los productos vendidos en un momento determinado, exclusivamente a trav\u00e9s del sitio web. 11.d.2. Al completar el pedido, el CLIENTE acepta que todos los datos por \u00e9l facilitados, necesarios para el proceso de compra, son correctos, completos y verdaderos en la fecha de realizaci\u00f3n del pedido, referida en el presente documento como el pedido emitido. 11.d.3. Al completar el pedido, el CLIENTE consiente que VEC DESIGN SRL pueda ponerse en contacto con \u00e9l\/ella, para las siguientes finalidades\/situaciones, por cualquier medio disponible\/acordado por VEC DESIGN SRL, dependiendo de la finalidad\/situaci\u00f3n: 11.d.3.1. Validaci\u00f3n de la disponibilidad de productos y cantidades adquiridas por el CLIENTE. 11.d.3.2. Validaci\u00f3n por parte del CLIENTE del valor del pedido realizado e incluyendo, seg\u00fan el caso, otros servicios de valor a\u00f1adido (ej. transporte, etc.) 11.d.3.3. Establecer de mutuo acuerdo los detalles de entrega de los productos. 11.d.4. VEC DESIGN SRL podr\u00e1 rescindir autom\u00e1ticamente el pedido realizado por el CLIENTE, sin ninguna obligaci\u00f3n ulterior de ninguna de las partes hacia la otra ni sin que ninguna de las partes pueda reclamar da\u00f1os y perjuicios a la otra, en los siguientes casos: 11.d.4.1. los datos facilitados por el CLIENTE, en el sitio web sean incompletos o incorrectos 11.d.4.2. La actividad del CLIENTE en el sitio web puede y\/o producir da\u00f1os de cualquier naturaleza a VEC DESIGN SRL y\/o a sus socios 11.d.4.3. sin ninguna justificaci\u00f3n. 11.d.5. El CLIENTE podr\u00e1 desistir de un pedido realizado cuando sea contactado de acuerdo con el apartado 7.d.3. 11.d.6. La Confirmaci\u00f3n de Registro de Pedido recibida por el CLIENTE no crea autom\u00e1ticamente obligaciones contractuales y no es una confirmaci\u00f3n de que los productos se encuentren en stock. El pedido realizado on-line por el CLIENTE se considerar\u00e1 v\u00e1lido s\u00f3lo despu\u00e9s de su confirmaci\u00f3n por parte de VEC DESIGN SRL 11.d.6.1. La validaci\u00f3n del pedido por parte del Vendedor se realizar\u00e1 \u00fanicamente si: 11.d.6.1.1. El comprador los datos son completos y correctos; 11.D.6.1.2. Los productos en el pedido del Comprador est\u00e1n disponibles; 11.D.6.1.3. No existen errores en el sistema que puedan generar precios err\u00f3neos (por ejemplo: valor de precio cero\/Lei) 11.d.6.2. Este momento marca la conclusi\u00f3n del contrato de Compra-Venta. 11.d.7. Los detalles de entrega de los productos, incluido pero no limitado al tiempo necesario para la entrega, no constituyen una obligaci\u00f3n contractual por parte de VEC DESIGN SRL., sin que ninguna parte pueda reclamar da\u00f1os y perjuicios a la otra, si alguna parte puede ser o es perjudicada de cualquier manera como resultado de su incumplimiento. 11.d.8. Si un CLIENTE modifica sus datos personales, utilizando los formularios disponibles en el sitio web, todos los contratos en vigor existentes en ese momento, mantendr\u00e1n sus datos definidos\/aceptados por el CLIENTE antes del momento del cambio. 11.e. Pedido telef\u00f3nico 11.e.1. El CLIENTE\/USUARIO podr\u00e1 realizar pedidos telef\u00f3nicos asistido por un representante de VEC DESIGN SRL. Los t\u00e9rminos y condiciones mencionados en este documento tambi\u00e9n se aplican a los pedidos telef\u00f3nicos. 11.f. Contrato y finalizaci\u00f3n 11.f.1. VEC DESIGN SRL incluir\u00e1 en el paquete enviado al CLIENTE todos los documentos necesarios que acrediten la compra de los productos\/servicios por parte del CLIENTE. 11.f.2. VEC DESIGN SRL facilitar\u00e1 al CLIENTE la informaci\u00f3n sobre la fase de ejecuci\u00f3n del pedido o contrato. 11.f.3. El CONTRATO al que se a\u00f1aden los documentos que certifican la entrega al CLIENTE de los productos por \u00e9l contratados, por parte de VEC DESIGN SRL, se convierte en el CONTRATO HONRADO. 11.g. Transporte 11.g.1. El cliente podr\u00e1 optar \u00fanicamente por una de las opciones de transporte de los productos\/servicios adquiridos, disponibles en el sitio web, en el momento de realizar el pedido, independientemente del tipo de su pedido. 11.h. Calidad y garant\u00edas 11.h.1. La calidad y la garant\u00eda de la conformidad de los productos son responsabilidad exclusiva de VEC DESIGN SRL 11.h.2. La calidad y conformidad de cualquier otro producto o servicio prestado por VEC DESIGN SRL, pero adquirido como resultado de contratarlo a un tercero, pertenece enteramente a \u00e9l.<\/p><h1><b>\u00a0<\/b><\/h1><h4>M\u00e9todos de pago<\/h4><h4>Pago con tarjeta en l\u00ednea<\/h4><p>Podr\u00e1s pagar con tu tarjeta personal o de empresa, en las mismas condiciones de total seguridad. Las tarjetas aceptadas son aquellas emitidas bajo los logotipos VISA (Classic y Electron) y MASTERCARD (incluido Maestro, si tienen c\u00f3digo CVV2\/CVC2).<\/p><p>No se cobran tarifas de transacci\u00f3n adicionales.<\/p><p>Para garantizar la seguridad de las transacciones, www.claudiacouture.com utiliza la plataforma NETOPIA Payments.<\/p><p>Para la correcta realizaci\u00f3n de la transacci\u00f3n se deber\u00e1n ingresar en la plataforma de pago los datos necesarios para autorizar la transacci\u00f3n.<\/p><p>Si la tarjeta est\u00e1 asociada a una cuenta en una moneda distinta a LEI, las transacciones se realizan en Lei, al tipo de cambio del banco emisor de la respectiva tarjeta.<\/p><p>El tratamiento de los datos de las tarjetas se realiza exclusivamente a trav\u00e9s de la plataforma de pago NETOPIA Payments. El sitio web claudiacouture.com no solicita ni almacena ning\u00fan detalle relacionado con su tarjeta.<\/p><p>Informaci\u00f3n del contacto<\/p><p>\u00bfC\u00f3mo puedes contactarnos?<\/p><h3><b>VEC DESIGN S.R.L.<\/b><\/h3><p><span style=\"font-weight: 400;\">CIF:22305200<\/span><\/p><p>J12\/3723\/23.08.2007<\/p><p><span style=\"font-weight: 400;\">Loc. Cluj Napoca, Str. Crinului 9 A<\/span><\/p><p><span style=\"font-weight: 400;\">contact@claudiacouture.com<\/span><\/p><p><span style=\"font-weight: 400;\">Telefon: 0733535555<\/span><\/p>\t\t\t\t\t\t\t\t<\/div>\n\t\t\t\t<\/div>\n\t\t\t\t\t<\/div>\n\t\t<\/div>\n\t\t\t\t\t<\/div>\n\t\t<\/div>\n\t\t\t\t<\/div>","protected":false},"excerpt":{"rendered":"","protected":false},"author":1,"featured_media":0,"parent":0,"menu_order":0,"comment_status":"closed","ping_status":"closed","template":"","meta":{"footnotes":""},"class_list":["post-3609","page","type-page","status-publish","hentry"],"_links":{"self":[{"href":"https:\/\/claudiacouture.com\/es\/wp-json\/wp\/v2\/pages\/3609","targetHints":{"allow":["GET"]}}],"collection":[{"href":"https:\/\/claudiacouture.com\/es\/wp-json\/wp\/v2\/pages"}],"about":[{"href":"https:\/\/claudiacouture.com\/es\/wp-json\/wp\/v2\/types\/page"}],"author":[{"embeddable":true,"href":"https:\/\/claudiacouture.com\/es\/wp-json\/wp\/v2\/users\/1"}],"replies":[{"embeddable":true,"href":"https:\/\/claudiacouture.com\/es\/wp-json\/wp\/v2\/comments?post=3609"}],"version-history":[{"count":23,"href":"https:\/\/claudiacouture.com\/es\/wp-json\/wp\/v2\/pages\/3609\/revisions"}],"predecessor-version":[{"id":5446,"href":"https:\/\/claudiacouture.com\/es\/wp-json\/wp\/v2\/pages\/3609\/revisions\/5446"}],"wp:attachment":[{"href":"https:\/\/claudiacouture.com\/es\/wp-json\/wp\/v2\/media?parent=3609"}],"curies":[{"name":"wp","href":"https:\/\/api.w.org\/{rel}","templated":true}]}}