{"id":3,"date":"2023-01-16T17:12:44","date_gmt":"2023-01-16T17:12:44","guid":{"rendered":"https:\/\/claudiacouture.com\/?page_id=3"},"modified":"2024-07-28T17:17:56","modified_gmt":"2024-07-28T17:17:56","slug":"privacy-policy","status":"publish","type":"page","link":"https:\/\/claudiacouture.com\/ro\/privacy-policy\/","title":{"rendered":"Politica de confiden\u021bialitate"},"content":{"rendered":"<div data-elementor-type=\"wp-page\" data-elementor-id=\"3\" class=\"elementor elementor-3\" data-elementor-post-type=\"page\">\n\t\t\t\t<div class=\"elementor-section elementor-top-section elementor-element elementor-element-6dd64a4f elementor-section-boxed elementor-section-height-default elementor-section-height-default\" data-id=\"6dd64a4f\" data-element_type=\"section\">\n\t\t\t\t\t\t<div class=\"elementor-container elementor-column-gap-default\">\n\t\t\t\t\t<div class=\"elementor-column elementor-col-100 elementor-top-column elementor-element elementor-element-17f843db\" data-id=\"17f843db\" data-element_type=\"column\">\n\t\t\t<div class=\"elementor-widget-wrap elementor-element-populated\">\n\t\t\t\t\t\t<div class=\"elementor-element elementor-element-14f5373e elementor-widget elementor-widget-text-editor\" data-id=\"14f5373e\" data-element_type=\"widget\" data-widget_type=\"text-editor.default\">\n\t\t\t\t<div class=\"elementor-widget-container\">\n\t\t\t\t\t\t\t\t\t<p><\/p><header class=\"entry-header\"><h1 class=\"wp-block-heading\">Politica de confiden\u021bialitate<\/h1><p class=\"translation-block\">Politica de confiden\u021bialitate \u0219i informa\u021bii privind prelucrarea datelor cu caracter personal.<br>Document valabil \u00eencep\u00e2nd cu 10 mai 2023. V\u0103 rug\u0103m s\u0103 verifica\u021bi periodic acest document pentru actualiz\u0103ri.<\/p><p>Credem \u00een transparen\u021b\u0103 \u0219i suntem preocupa\u021bi de confiden\u021bialitatea datelor dumneavoastr\u0103. Colect\u0103m cu stricte\u021be informa\u021biile necesare pentru a furniza serviciile solicitate \u0219i le p\u0103str\u0103m \u00een siguran\u021b\u0103.<\/p><p>INFORMA\u021aII GENERALE<\/p><p>Aceast\u0103 Politic\u0103 explic\u0103 practicile noastre de confiden\u021bialitate pentru https:\/\/claudiacouture.com\/ (\u201eSite-ul\u201d). Aceast\u0103 Politic\u0103 de confiden\u021bialitate se aplic\u0103 tuturor serviciilor furnizate de VEC DESIGN SRL (denumit\u0103 \u00een continuare \u201eClaudiaCouture\u201d, dar \u0219i \u201enoi\u201d sau \u201eal nostru\/a noastr\u0103\/ai no\u0219tri\/ale noastre\u201d). Aceast\u0103 Politic\u0103 de confiden\u021bialitate explic\u0103 de ce \u0219i cum colect\u0103m \u0219i utiliz\u0103m informa\u021biile personale ale clien\u021bilor no\u0219tri.<\/p><p>VEC DESIGN SRL este \u00eenregistrat\u0103 \u00een Registrul Comer\u021bului cu num\u0103rul J12\/3723\/2007, Cod Fiscal 22305200 cu sediul social la Loc. Cluj Napoca Adresa Str. Crinului 9 A, Ap. 6; VEC DESIGN SRL este operator de date cu caracter personal.<\/p><p>Mai jos ve\u021bi g\u0103si informa\u021bii despre urm\u0103toarele:<\/p><p class=\"translation-block\">Colectarea informa\u021biilor<br>2. Cum utiliz\u0103m informa\u021biile<br>3. Scopul prelucr\u0103rii datelor.<br>4. Destinatarii datelor cu caracter personal.<br>5. M\u0103suri de securitate.<br>6. Perioada de p\u0103strare<br>7. Drepturile dumneavoastr\u0103<br>8. Limit\u0103 de v\u00e2rst\u0103<br>9. Modific\u0103ri ale Politicii de confiden\u021bialitate<br>10. \u00centreb\u0103ri \u0219i contacte<\/p><p class=\"translation-block\">1. COLECTAREA DE INFORMA\u021aII<br>C\u00e2nd accesa\u021bi \u0219i naviga\u021bi pe site, colect\u0103m urm\u0103toarele informa\u021bii despre dumneavoastr\u0103:<\/p><p>Informa\u021bii transmise de dvs.<\/p><p>Informa\u021bii de contact: Primim \u0219i stoc\u0103m orice informa\u021bii trimise la finalizarea unei comenzi. Formularele de comand\u0103 colecteaz\u0103 informa\u021bii despre dvs., inclusiv: nume \u0219i prenume, adres\u0103 po\u0219tal\u0103 (adres\u0103 de coresponden\u021b\u0103), num\u0103r de telefon, adres\u0103 de e-mail, date de loca\u021bie (IP).<\/p><p>Informa\u021biile pe care le primim prin utilizarea serviciilor noastre.<\/p><p>Informa\u021bii automate: C\u00e2nd vizita\u021bi site-ul nostru, colect\u0103m informa\u021bii care pot constitui date cu caracter personal. Aceste informa\u021bii includ adresa IP, adresa URL de referin\u021b\u0103, ultima pagin\u0103 vizitat\u0103, tipul de browser utilizat, sistemul de operare. Putem \u00eenregistra data \u0219i ora acces\u0103rii, dar \u0219i num\u0103rul de clicuri efectuate pe site-ul nostru web.<\/p><p>Instrumente de m\u0103surare a traficului: Folosim servicii ter\u021be de m\u0103surare a traficului (Google Analytics) pentru a colecta informa\u021bii despre utilizarea site-ului, cum ar fi vizitele, paginile vizitate. De asemenea, urm\u0103rim popularitatea con\u021binutului publicat. Instrumentele de m\u0103surare a traficului utilizeaz\u0103 tehnici specifice de urm\u0103rire (de exemplu: cookie-uri) pentru a recunoa\u0219te dispozitivul \u0219i a analiza informa\u021biile acestuia. Colect\u0103m urm\u0103toarele informa\u021bii: ce pagini a\u021bi vizitat, dar c\u00e2t timp a\u021bi petrecut pe acele pagini, adresa dvs. IP, ce sistem de operare utiliza\u021bi, ce browser utiliza\u021bi \u0219i ce site a\u021bi vizitat \u00eenainte de a vizita site-ul nostru.<\/p><p>Jurnale de informa\u021bii: C\u00e2nd vizita\u021bi Site-ul, accesa\u021bi con\u021binut furnizat de noi, utiliza\u021bi serviciile noastre, ne adresa\u021bi \u00eentreb\u0103ri, ne trimite\u021bi un e-mail sau participa\u021bi la concursuri sau completa\u021bi formulare de satisfac\u021bie pe site-ul nostru web, colect\u0103m \u0219i stoc\u0103m automat o cantitate de informa\u021bii din fi\u0219ierele jurnal. Aceste informa\u021bii includ adresa dvs. IP, adresa web, site-ul vizitat anterior, adresa web de ie\u0219ire, browserul utilizat, sistemul de operare, data \u0219i ora \u0219i orice erori primite de la Site sau servicii.<br \/>Other information: We receive and store any information you submit on our website, by email, telephone or any other communication with our team or in connection with the provision of contracted services or products. Each time you contact us, we may record the phone call to ensure that we have accurate information so that we can provide the contracted services, but also to support the actions taken by our team in the event of a complaint to the response received from us.<\/p><p class=\"translation-block\">2. CUM UTILIZ\u0102M INFORMA\u021aIILE<br>Informa\u021biile pe care le furniza\u021bi:<\/p><p>Colect\u0103m, stoc\u0103m \u0219i utiliz\u0103m informa\u021biile pe care ni le furniza\u021bi din urm\u0103toarele motive:<\/p><p>1. Informa\u021bii de contact: pentru a v\u0103 contacta cu privire la comenzile dvs., starea comenzii, modific\u0103rile func\u021bionale ale serviciilor noastre \u0219i ale Site-ului. \u00cen plus, atunci c\u00e2nd a\u021bi fost de acord \u00een mod expres s\u0103 primi\u021bi astfel de informa\u021bii, v\u0103 putem trimite informa\u021bii despre noile noastre produse sau servicii \/ oferte speciale sau notific\u0103ri periodice. Folosim e-mail, telefon sau mesaje text (SMS) pentru a v\u0103 informa despre orice probleme legate de comanda dvs., cum ar fi actualiz\u0103ri sau \u00eembun\u0103t\u0103\u021biri ale serviciului.<\/p><\/header><p><\/p>\t\t\t\t\t\t\t\t<\/div>\n\t\t\t\t<\/div>\n\t\t\t\t\t<\/div>\n\t\t<\/div>\n\t\t\t\t\t<\/div>\n\t\t<\/div>\t\t<\/div>","protected":false},"excerpt":{"rendered":"","protected":false},"author":1,"featured_media":0,"parent":0,"menu_order":0,"comment_status":"closed","ping_status":"closed","template":"","meta":{"footnotes":""},"class_list":["post-3","page","type-page","status-publish","hentry"],"_links":{"self":[{"href":"https:\/\/claudiacouture.com\/ro\/wp-json\/wp\/v2\/pages\/3","targetHints":{"allow":["GET"]}}],"collection":[{"href":"https:\/\/claudiacouture.com\/ro\/wp-json\/wp\/v2\/pages"}],"about":[{"href":"https:\/\/claudiacouture.com\/ro\/wp-json\/wp\/v2\/types\/page"}],"author":[{"embeddable":true,"href":"https:\/\/claudiacouture.com\/ro\/wp-json\/wp\/v2\/users\/1"}],"replies":[{"embeddable":true,"href":"https:\/\/claudiacouture.com\/ro\/wp-json\/wp\/v2\/comments?post=3"}],"version-history":[{"count":19,"href":"https:\/\/claudiacouture.com\/ro\/wp-json\/wp\/v2\/pages\/3\/revisions"}],"predecessor-version":[{"id":5416,"href":"https:\/\/claudiacouture.com\/ro\/wp-json\/wp\/v2\/pages\/3\/revisions\/5416"}],"wp:attachment":[{"href":"https:\/\/claudiacouture.com\/ro\/wp-json\/wp\/v2\/media?parent=3"}],"curies":[{"name":"wp","href":"https:\/\/api.w.org\/{rel}","templated":true}]}}