{"id":3609,"date":"2024-02-03T12:01:35","date_gmt":"2024-02-03T12:01:35","guid":{"rendered":"https:\/\/claudiacouture.com\/?page_id=3609"},"modified":"2025-05-07T07:49:40","modified_gmt":"2025-05-07T07:49:40","slug":"terms-and-conditions","status":"publish","type":"page","link":"https:\/\/claudiacouture.com\/ro\/terms-and-conditions\/","title":{"rendered":"Termeni \u0219i condi\u021bii"},"content":{"rendered":"<div data-elementor-type=\"wp-page\" data-elementor-id=\"3609\" class=\"elementor elementor-3609\" data-elementor-post-type=\"page\">\n\t\t\t\t\t\t<div class=\"elementor-section elementor-top-section elementor-element elementor-element-1397762 elementor-section-boxed elementor-section-height-default elementor-section-height-default\" data-id=\"1397762\" data-element_type=\"section\">\n\t\t\t\t\t\t<div class=\"elementor-container elementor-column-gap-default\">\n\t\t\t\t\t<div class=\"elementor-column elementor-col-100 elementor-top-column elementor-element elementor-element-758a6b4\" data-id=\"758a6b4\" data-element_type=\"column\">\n\t\t\t<div class=\"elementor-widget-wrap elementor-element-populated\">\n\t\t\t\t\t\t<div class=\"elementor-element elementor-element-8b3d307 elementor-widget-tablet__width-initial elementor-widget elementor-widget-text-editor\" data-id=\"8b3d307\" data-element_type=\"widget\" data-widget_type=\"text-editor.default\">\n\t\t\t\t<div class=\"elementor-widget-container\">\n\t\t\t\t\t\t\t\t\t<p>Termeni \u0219i condi\u021bii<\/p><p>Termenii \u0219i condi\u021biile generale se vor aplica tuturor v\u00e2nz\u0103rilor de bunuri efectuate de:<\/p><p>VEC DESIGN SRL prin intermediul site-ului online www.claudiacouture.com, c\u0103tre cump\u0103r\u0103tor. Astfel, urm\u0103torii termeni vor \u00eensemna: Cump\u0103r\u0103tor \u2013 persoan\u0103 fizic\u0103 sau juridic\u0103, care emite o Comand\u0103. V\u00e2nz\u0103tor \u2013 VEC DESIGN SRL CUI:22305200 Punct de lucru\/Adres\u0103 de coresponden\u021b\u0103 str. Bunuri \u2013 Orice produs, inclusiv documentele men\u021bionate \u00een comand\u0103, care urmeaz\u0103 s\u0103 fie furnizat de c\u0103tre V\u00e2nz\u0103tor Cump\u0103r\u0103torului. Comand\u0103 \u2013 document electronic prin care V\u00e2nz\u0103torul este de acord s\u0103 livreze Bunurile, iar Cump\u0103r\u0103torul este de acord s\u0103 le primeasc\u0103 \u0219i s\u0103 le pl\u0103teasc\u0103. Contract \u2013 O Comand\u0103 confirmat\u0103 de V\u00e2nz\u0103tor. Drepturi de proprietate intelectual\u0103 \u2013 drepturi de autor \u0219i drepturi de autor, drepturi asupra bazelor de date, drepturi de design, drepturi de model, brevete, m\u0103rci comerciale \u0219i \u00eenregistr\u0103ri de nume de domeniu pentru oricare dintre cele de mai sus. Specifica\u021bii \u2013 toate specifica\u021biile \u0219i\/sau descrierile Bunurilor, a\u0219a cum sunt stabilite \u00een Comand\u0103.<\/p><p>Documente contractuale<\/p><p>Prin plasarea unei comenzi electronice sau telefonice pe site-ul web men\u021bionat anterior, Cump\u0103r\u0103torul este de acord cu forma de comunicare (telefonic sau e-mail) prin care V\u00e2nz\u0103torul \u00ee\u0219i desf\u0103\u0219oar\u0103 opera\u021biunile. Comanda va consta \u00een urm\u0103toarele documente, \u00een ordinea importan\u021bei:<\/p><p class=\"translation-block\">Comanda (\u00eempreun\u0103 cu indica\u021bii clare privind datele de livrare \u0219i facturare) \u0219i termenii specifici ai acesteia<br>Specifica\u021biile cump\u0103r\u0103torului (dac\u0103 este cazul)<br>Termeni \u0219i condi\u021bii<\/p><p>Dac\u0103 V\u00e2nz\u0103torul confirm\u0103 comanda, aceasta va implica acceptarea integral\u0103 a termenilor Comenzii. Acceptarea comenzii se consider\u0103 finalizat\u0103 \u00een momentul \u00een care exist\u0103 o confirmare verbal\u0103 (telefonic\u0103) sau electronic\u0103 (e-mail) din partea Cump\u0103r\u0103torului. V\u00e2nz\u0103torul nu consider\u0103 \u00een niciun moment o comand\u0103 neconfirmat\u0103 ca av\u00e2nd valoare de Contract. Prezentul Acord intr\u0103 \u00een vigoare la confirmarea Comenzii de c\u0103tre V\u00e2nz\u0103tor. Confirmarea se face telefonic sau electronic (e-mail).<\/p><p>Dreptul de proprietate intelectual\u0103 (DPI)<\/p><p>Cump\u0103r\u0103torul \u00een\u021belege drepturile de proprietate intelectual\u0103 \u0219i nu va divulga unei ter\u021be p\u0103r\u021bi \u0219i nu va face publice (pe internet sau \u00een mass-media) nicio informa\u021bie primit\u0103 de la V\u00e2nz\u0103tor. De asemenea, denumirile produselor, precum \u0219i semnele grafice sunt m\u0103rci \u00eenregistrate \u0219i nu pot fi preluate, copiate sau utilizate f\u0103r\u0103 acordul scris al proprietarului. Orice notificare privind \u00eenc\u0103lcarea drepturilor de autor se va face \u00een scris, prin e-mail la adresa contact@claudiacouture.com.<\/p><p>facturare<\/p><p>Pre\u021bul, metoda de plat\u0103 \u0219i termenul de plat\u0103 sunt specificate \u00een Comand\u0103. V\u00e2nz\u0103torul va emite o factur\u0103 c\u0103tre Cump\u0103r\u0103tor pentru Bunurile livrate, obliga\u021bia Cump\u0103r\u0103torului fiind de a furniza toate informa\u021biile necesare emiterii facturii \u00een conformitate cu legisla\u021bia \u00een vigoare. Toate pre\u021burile produselor de v\u00e2nzare pe site-ul www.claudiacouture.com includ TVA.<\/p><p>Livrare<\/p><p>V\u00e2nz\u0103torul se angajeaz\u0103 s\u0103 expedieze Bunurile \u00een sistemul de curierat c\u0103tre Cump\u0103r\u0103tor, \u00een re\u021beaua de curierat Fan Curier. Tarife de livrare: 1. Tax\u0103 standard de livrare 15 lei* pentru comenzi sub 300 lei. 2. Livrare gratuit\u0103* pentru comenzi de peste 300 lei. * Numai \u00een localit\u0103\u021bile \u00een care SameDay nu percepe taxa pe km extern. Timpul de livrare este de 1-3 zile lucr\u0103toare de la livrarea coletului c\u0103tre firma de curierat. Livr\u0103ri interna\u021bionale: Tariful standard de transport este de 15 lei pentru coletele a c\u0103ror greutate nu dep\u0103\u0219e\u0219te 2 kg. Pentru coletele care dep\u0103\u0219esc 2 kg, tariful de transport se va calcula astfel: tarif standard de transport + 10 lei\/kg. Livr\u0103rile interna\u021bionale vor fi onorate doar \u00een statele membre ale Uniunii Europene. Timp de livrare 3-8 zile lucr\u0103toare de la livrarea coletului c\u0103tre firma de curierat<\/p><p>Transport ambalare<\/p><p>V\u00e2nz\u0103torul \u00ee\u0219i asum\u0103 riscurile \u0219i responsabilit\u0103\u021bile asociate Bunurilor \u00een momentul livr\u0103rii acestora c\u0103tre firma de curierat intern cu care V\u00e2nz\u0103torul colaboreaz\u0103 sau c\u0103tre reprezentantul Cump\u0103r\u0103torului. V\u00e2nz\u0103torul va asigura ambalarea corespunz\u0103toare a Bunurilor \u0219i va asigura transmiterea documentelor \u00eenso\u021bitoare.<\/p><p>Acceptare<\/p><p>Acceptarea se va face atunci c\u00e2nd Bunurile respect\u0103 caracteristicile men\u021bionate \u00een Comand\u0103 sau conform unui alt acord stabilit \u00eentre V\u00e2nz\u0103tor \u0219i Cump\u0103r\u0103tor. (schimbarea produselor etc.)<\/p><ol><li style=\"font-weight: 400;\" aria-level=\"1\"><p>GARAN\u021aII<\/p><p>Toate produsele v\u00e2ndute prin intermediul site-ului www.claudiacouture.com beneficiaz\u0103 de condi\u021bii de garan\u021bie \u00een conformitate cu legisla\u021bia \u00een vigoare \u0219i politicile comerciale ale produc\u0103torilor. Produsele sunt noi, \u00een ambalajul original \u0219i provin din surse autorizate de fiecare produc\u0103tor \u00een parte. DREPTUL DE RETRAGERE Cump\u0103r\u0103torul are dreptul de a se retrage din Contract, respectiv de a returna Bunul \u00een termen de 14 zile calendaristice, f\u0103r\u0103 a invoca vreun motiv \u0219i f\u0103r\u0103 a suporta alte costuri dec\u00e2t cele de livrare. Astfel, conform OUG nr. 34\/2014, perioada de returnare a unui Bun expir\u0103 \u00een termen de 14 zile de la data la care Cump\u0103r\u0103torul intr\u0103 \u00een posesia fizic\u0103 a Bunului. Persoanele juridice nu beneficiaz\u0103 de dreptul de retragere. Dac\u0103 dori\u021bi s\u0103 returna\u021bi un produs comandat de pe site, trebuie doar s\u0103 ne comunica\u021bi inten\u021bia dumneavoastr\u0103 neechivoc\u0103 prin e-mail: contact@claudiacouture.com, telefonic la num\u0103rul: +40733535555. V\u0103 rug\u0103m s\u0103 ne furniza\u021bi datele dumneavoastr\u0103 complete, adresa la care s-a efectuat livrarea, num\u0103rul comenzii, produsele pe care dori\u021bi s\u0103 le returna\u021bi \u0219i pre\u021bul acestora, precum \u0219i, dac\u0103 opta\u021bi pentru metoda de rambursare a sumei pl\u0103tite \u00een cont, detaliile contului \u00een care dori\u021bi s\u0103 vi se ramburseze suma pl\u0103tit\u0103. \u00cen cel mai scurt timp, ve\u021bi primi prin e-mail o confirmare a \u00eenregistr\u0103rii cererii dumneavoastr\u0103 de retragere. Cererea de retragere va fi primit\u0103 numai dac\u0103 respecta\u021bi termenul de 14 zile calendaristice de la data primirii produsului la adresa de livrare comunicat\u0103 la plasarea comenzii. Produsele trebuie s\u0103 respecte condi\u021biile de returnare de mai jos: Produsul pe care \u00eel returna\u021bi trebuie s\u0103 fie \u00een aceea\u0219i stare \u00een care l-a\u021bi primit, cu etichetele originale intacte \u0219i \u00eenso\u021bit de accesoriile\/cadourile cu care a fost livrat. Nu se vor accepta retururi pentru produse care prezint\u0103 semne de utilizare sau care sunt \u00eentr-o stare diferit\u0103 fa\u021b\u0103 de momentul \u00een care au fost primite de client. Art\u0103. 14, alin. 3 din O.U.G. Nr. 34\/2014: \u201eConsumatorul este responsabil numai pentru diminuarea valorii produselor rezultat\u0103 din manipularea acestora, cu excep\u021bia a ceea ce este necesar pentru a determina natura, caracteristicile \u0219i func\u021bionarea produselor.\u201d V\u0103 recomand\u0103m s\u0103 p\u0103stra\u021bi ambalajul complet \u0219i accesoriile care vin \u00eempreun\u0103 cu produsul. Returul celorlalte produse este acceptat doar dac\u0103 acestea sunt sigilate. Dac\u0103 produsul sufer\u0103 daune pentru care consumatorul este responsabil, ne rezerv\u0103m dreptul de a solicita o reducere a valorii produsului pentru a-l readuce la starea ini\u021bial\u0103 (dac\u0103 este posibil) sau, la alegerea clientului, vom reexpedia produsul c\u0103tre client pe cheltuiala acestuia. Aceast\u0103 clauz\u0103 se aplic\u0103 conform O.U.G. 34\/2014, \u00een cazul achizi\u021bion\u0103rii de produse utiliz\u00e2nd tehnici de comunicare la distan\u021b\u0103. Pasul 3. V\u0103 ramburs\u0103m banii sau schimb\u0103m produsul. C\u00e2nd produsul ajunge la sediul nostru, vom verifica dac\u0103 respect\u0103 condi\u021biile de returnare men\u021bionate mai sus \u0219i vom finaliza returul conform op\u021biunii dumneavoastr\u0103, \u00een termen de cel mult 14 zile de la data la care suntem informa\u021bi cu privire la decizia dumneavoastr\u0103 de a v\u0103 retrage din prezentul contract sau \u00een termen de 72 de ore de la primirea coletului, dac\u0103 acesta ajunge mai t\u00e2rziu de a 12-a zi. Dreptul de retragere nu se aplic\u0103 clien\u021bilor care sunt persoane juridice. Produsele achizi\u021bionate de persoane juridice (firme, PFA-uri, funda\u021bii, societ\u0103\u021bi non-profit) nu beneficiaz\u0103 de condi\u021biile men\u021bionate mai sus \u0219i de dreptul de retragere din contract. Operatorii no\u0219tri v\u0103 vor sprijini \u00een alegerea metodei de returnare \u0219i v\u0103 vor oferi detaliile necesare privind adresa de livrare a produselor, ambalajul sau contactarea firmei de curierat.<\/p><\/li><\/ol><ol><li style=\"font-weight: 400;\" aria-level=\"1\"><p>For\u021b\u0103 major\u0103<\/p><p>Niciuna dintre p\u0103r\u021bi nu va fi r\u0103spunz\u0103toare pentru ne\u00eendeplinirea obliga\u021biilor contractuale, dac\u0103 aceast\u0103 ne\u00eendeplinire se datoreaz\u0103 unui eveniment de for\u021b\u0103 major\u0103. For\u021ba major\u0103 este evenimentul imprevizibil, independent de voin\u021ba p\u0103r\u021bilor \u0219i care nu poate fi evitat. Unelte 9.a. Cu excep\u021bia cazurilor \u00een care nu au prev\u0103zut \u00een mod expres altfel, niciuna dintre p\u0103r\u021bile care au \u00eencheiat un contract aflat \u00eenc\u0103 \u00een derulare nu va fi r\u0103spunz\u0103toare pentru neexecutarea la termen \u0219i\/sau \u00een mod corespunz\u0103tor, \u00een totalitate sau par\u021bial, a oric\u0103reia dintre obliga\u021biile care \u00eei reveneau \u00een temeiul contractului, dac\u0103 neexecutarea obliga\u021biei respective a fost cauzat\u0103 de un eveniment de for\u021b\u0103 major\u0103. 9.b. Partea sau reprezentantul legal al p\u0103r\u021bii care invoc\u0103 evenimentul men\u021bionat mai sus este obligat s\u0103 o informeze pe cealalt\u0103, de \u00eendat\u0103 \u0219i complet, despre producerea acestuia \u0219i s\u0103 ia orice m\u0103suri de care dispune pentru a limita consecin\u021bele evenimentului men\u021bionat. 9. c. Partea sau reprezentantul legal al p\u0103r\u021bii care invoc\u0103 evenimentul men\u021bionat anterior este exceptat de aceast\u0103 obliga\u021bie numai dac\u0103 evenimentul o \u00eempiedic\u0103 s\u0103 \u00eel duc\u0103 la bun sf\u00e2r\u0219it. 9.d. Dac\u0103 \u00een termen de 15 zile de la data producerii acestuia, evenimentul respectiv nu \u00eenceteaz\u0103, fiecare parte va avea dreptul s\u0103 notifice celeilalte p\u0103r\u021bi \u00eencetarea de drept a prezentului contract f\u0103r\u0103 ca vreuna dintre ele s\u0103 poat\u0103 pretinde alte daune celeilalte. 9.e. Partea care invoc\u0103 evenimentul de for\u021b\u0103 major\u0103 trebuie s\u0103 dovedeasc\u0103 imposibilitatea \u00eendeplinirii obliga\u021biilor \u00een termen de 30 de zile de la data producerii evenimentului, dar \u00een limitele art. 10. c.<\/p><p>disputes<\/p><p>Any dispute arising between the Purchaser will be resolved amicably. In the event that the conflict was not resolved amicably, the competence rests with the Romanian courts. 10. a. By using\/visiting\/viewing\/etc the sites and\/or any content sent by www.claudiacouture.com to the User\/Client by accessing and\/or sending by any means (electronic, telephone, etc), he\/she declares his\/her agreement at least with these &#8220;Terms and Conditions of Use&#8221;. 10.b. Any dispute with reference to these &#8220;Terms and Conditions&#8221; that may arise between the CLIENT \/ USER and www.claudiacouture.com will be resolved amicably. 10. c. www.claudiacouture.com is not responsible for any loss, costs, lawsuits, claims, expenses or other liabilities, if these are directly caused by non-compliance with the Terms and Conditions. 10.d. Any dispute of any kind (excluding art. 11.b) that may arise between the USER and www.claudiacouture.com or its partners will be resolved amicably. If this is not possible, the conflict will be resolved in court, in accordance with the Romanian laws in force. 10.e. If any of the above clauses is found to be void or invalid for any reason, this clause will not affect the validity of the other clauses. 10. f. This document has been drafted and will be interpreted in accordance with Romanian legislation.<\/p><\/li><\/ol><ol><li style=\"font-weight: 400;\" aria-level=\"1\"><span style=\"font-weight: 400;\">V\u00c2NZARE ONLINE<\/span><\/li><\/ol><p class=\"translation-block\">11.a. Accesul la serviciu este permis oric\u0103rui utilizator care de\u021bine sau creeaz\u0103 un cont 11.a.1. Pentru a i se permite accesul la serviciu, UTILIZATORUL va trebui s\u0103 accepte prevederile documentului. 11.a.2. <\/span><a href=\"https:\/\/claudiacouture.com\/ro\/\" target=\"_self\"><span style=\"font-weight: 400\">www.claudiacouture.com<\/span><\/a><span style=\"font-weight: 400\"> poate limita accesul clientului la serviciu \u00een func\u021bie de comportamentul s\u0103u anterior. 11.a.3. Este interzis\u0103 partajarea unui cont \u00eentre mai mul\u021bi clien\u021bi. 11.a.4. \u00cen cazul \u00een care sunt descoperite astfel de acces\u0103ri, claudiacouture.com \u00ee\u0219i rezerv\u0103 dreptul de a anula sau suspenda accesul CLIENTULUI la con\u021binut sau serviciu. Produse \u0219i servicii 11.b.1. VEC DESIGN SRL poate publica pe site informa\u021bii despre produse, servicii \u0219i\/sau promo\u021bii practicate de aceasta sau de orice alt\u0103 ter\u021b\u0103 parte cu care VEC DESIGN SRL are \u00eencheiate contracte de parteneriat, \u00eentr-o anumit\u0103 perioad\u0103 \u0219i \u00een limita stocului disponibil. 11.b.2. Produsele \u0219i\/sau serviciile achizi\u021bionate prin intermediul serviciului sunt destinate exclusiv uzului personal al CLIENTULUI. 11.b.3. claudiacouture.com poate limita posibilitatea de a achizi\u021biona produse sau servicii disponibile pe site la un moment dat, la unul sau mai mul\u021bi clien\u021bi. 11.b.4. Toate pre\u021burile aferente produselor sau serviciilor prezentate pe site includ TVA. 11.b.5. Facturarea produselor achizi\u021bionate se face exclusiv \u00een RON. 11.b.6. \u00cen cazul pl\u0103\u021bilor online, VEC DESIGN SRL este\/nu poate fi tras\u0103 la r\u0103spundere pentru orice alte costuri suplimentare suportate de client, inclusiv, dar f\u0103r\u0103 a se limita la, comisioanele de conversie valutar\u0103 aplicate de banca emitent\u0103 a cardului s\u0103u, dac\u0103 moneda de emitere a acestuia difer\u0103 de RON. Responsabilitatea pentru aceast\u0103 ac\u021biune revine exclusiv clientului. 11.b.7. Toate informa\u021biile utilizate pentru descrierea produselor \u0219i\/sau serviciilor disponibile pe site (texte \/ imagini statice \/ dinamice \/ prezent\u0103ri multimedia \/ etc.) nu reprezint\u0103 o obliga\u021bie contractual\u0103 din partea VEC DESIGN SRL, acestea fiind cu titlu de prezentare. 11.b.8. \u00cen descrierea produselor \u0219i\/sau serviciilor claudiacouture.com \u00ee\u0219i rezerv\u0103 dreptul de a utiliza \u0219i alte produse (accesorii\/etc) care pot s\u0103 nu fie incluse \u00een costurile produselor respective. Valabilitatea ofertei 11.c.1. VEC DESIGN SRL \u00ee\u0219i rezerv\u0103 dreptul de a modifica tarifele practicate pentru produsele \u0219i\/sau serviciile disponibile pe site f\u0103r\u0103 notificare prealabil\u0103 a UTILIZATORULUI sau CLIENTULUI. 11.c.4. Pre\u021burile \u0219i disponibilitatea produselor v\u00e2ndute de VEC DESIGN SRL pot suferi modific\u0103ri ulterioare, acestea fiind influen\u021bate de factori externi precum politica de pre\u021buri a distribuitorilor sau disponibilitatea produselor \u00een stocul acestora. 11.c.6. CLIENTUL poate renun\u021ba la produsele \u0219i serviciile achizi\u021bionate prin intermediul comenzii, numai \u00een perioada de timp dintre emiterea comenzii \u0219i transformarea acesteia \u00een contract, doar dac\u0103 metoda de plat\u0103 aleas\u0103 de client este plata ramburs. 11.c.7. CLIENTUL poate renun\u021ba la produsele \u0219i\/sau serviciile achizi\u021bionate prin contract, conform art. 8.9 Comand\u0103 online 11.d.1. CLIENTUL poate plasa comenzi pentru produsele v\u00e2ndute la un moment dat, exclusiv pe site. 11.d.2. Prin finalizarea comenzii, CLIENTUL \u00ee\u0219i d\u0103 consim\u021b\u0103m\u00e2ntul ca toate datele furnizate de acesta, necesare procesului de cump\u0103rare, s\u0103 fie corecte, complete \u0219i adev\u0103rate la data plas\u0103rii comenzii, denumit\u0103 \u00een prezentul document comanda emis\u0103. 11.d.3. Prin finalizarea comenzii, CLIENTUL \u00ee\u0219i d\u0103 consim\u021b\u0103m\u00e2ntul ca VEC DESIGN SRL s\u0103 \u00eel poat\u0103 contacta, \u00een urm\u0103toarele scopuri\/situa\u021bii, prin orice mijloace disponibile\/agreate de VEC DESIGN SRL, \u00een func\u021bie de scop\/situa\u021bie: 11.d.3.1. Validarea disponibilit\u0103\u021bii produselor \u0219i a cantit\u0103\u021bilor achizi\u021bionate de c\u0103tre CLIENT. 11.d.3.2. Validarea de c\u0103tre CLIENT a valorii comenzii plasate \u0219i includerea, \u00een func\u021bie de situa\u021bie, a altor servicii cu valoare ad\u0103ugat\u0103 (de exemplu, transport etc.) 11.d.3.3. Stabilirea de comun acord a detaliilor de livrare a produselor. 11.d.4. VEC DESIGN SRL poate rezilia automat comanda plasat\u0103 de CLIENT, f\u0103r\u0103 nicio obliga\u021bie ulterioar\u0103 a vreunei p\u0103r\u021bi fa\u021b\u0103 de cealalt\u0103 sau f\u0103r\u0103 ca vreo parte s\u0103 poat\u0103 pretinde daune celeilalte, \u00een urm\u0103toarele cazuri: 11.d.4.1. datele furnizate de CLIENT, pe site, sunt incomplete sau incorecte 11.d.4.2. Activitatea CLIENTULUI pe site poate \u0219i\/sau produce daune de orice natur\u0103 din partea VEC DESIGN SRL \u0219i\/sau a partenerilor s\u0103i 11.d.4.3. f\u0103r\u0103 nicio justificare. 11.d.5. CLIENTUL se poate retrage dintr-o comand\u0103 plasat\u0103 atunci c\u00e2nd este contactat conform punctului 7.d.3. 11.d.6. Confirmarea \u00cenregistr\u0103rii Comenzii primit\u0103 de c\u0103tre CLIENT nu creeaz\u0103 automat obliga\u021bii contractuale \u0219i nu constituie o confirmare a faptului c\u0103 produsele sunt \u00een stoc. Comanda plasat\u0103 online de c\u0103tre CLIENT va fi considerat\u0103 valid\u0103 numai dup\u0103 confirmarea acesteia de c\u0103tre VEC DESIGN SRL 11.d.6.1. Validarea comenzii de c\u0103tre V\u00e2nz\u0103tor se face numai dac\u0103: 11.d.6.1.1. Cump\u0103r\u0103torul datele sunt complete \u0219i corecte; 11.D.6.1.2. Produsele din comanda Cump\u0103r\u0103torului sunt disponibile; 11.D.6.1.3. Nu exist\u0103 erori \u00een sistem care ar putea genera pre\u021buri gre\u0219ite (ex.: valoare pre\u021b zero\/lei) 11.d.6.2. Acest moment marcheaz\u0103 \u00eencheierea contractului de V\u00e2nzare-Cump\u0103rare. 11.d.7. Detaliile de livrare a produselor, inclusiv, dar f\u0103r\u0103 a se limita la, timpul necesar livr\u0103rii, nu constituie o obliga\u021bie contractual\u0103 din partea VEC DESIGN SRL, f\u0103r\u0103 ca vreo parte s\u0103 poat\u0103 pretinde daune celeilalte p\u0103r\u021bi, dac\u0103 vreo parte poate fi sau este prejudiciat\u0103 \u00een vreun fel ca urmare a \u00eenc\u0103lc\u0103rii acestora. 11.d.8. \u00cen cazul \u00een care un CLIENT \u00ee\u0219i modific\u0103 datele personale, utiliz\u00e2nd formularele disponibile pe site, toate contractele \u00een derulare existente la momentul respectiv, p\u0103streaz\u0103 datele sale definite\/acceptate de CLIENT \u00eenainte de momentul modific\u0103rii. 11.e. Comand\u0103 telefonic\u0103 11.e.1. CLIENTUL\/UTILIZATORUL poate plasa comenzi telefonice asistat de un reprezentant al VEC DESIGN SRL. Termenii \u0219i condi\u021biile men\u021bionate \u00een acest document se aplic\u0103 \u0219i comenzilor telefonice. 11.f. Contract \u0219i finalizare 11.f.1. VEC DESIGN SRL va include \u00een coletul transmis CLIENTULUI toate documentele necesare care atest\u0103 achizi\u021bionarea produselor\/serviciilor de c\u0103tre CLIENT. 11.f.2. VEC DESIGN SRL va facilita informarea CLIENTULUI privind stadiul de finalizare a comenzii sau contractului. 11.f.3. CONTRACTUL la care se adaug\u0103 documentele care atest\u0103 livrarea c\u0103tre CLIENT a produselor contractate de acesta, din partea VEC DESIGN SRL, devine CONTRACT ONORAT. 11.g. Transport 11.g.1. Clientul poate opta doar pentru una dintre op\u021biunile de transport ale produselor\/serviciilor achizi\u021bionate, disponibile pe site, \u00een momentul plas\u0103rii comenzii, indiferent de tipul comenzii sale. 11:00 a.m. Calitate \u0219i garan\u021bii 11.h.1. Calitatea \u0219i garan\u021bia conformit\u0103\u021bii produselor este \u00een \u00eentregime responsabilitatea VEC DESIGN SRL 11.h.2. Calitatea \u0219i conformitatea oric\u0103rui alt produs sau serviciu furnizat de VEC DESIGN SRL, dar dob\u00e2ndit ca urmare a contract\u0103rii acestuia de la o ter\u021b\u0103 parte, apar\u021bin \u00een \u00eentregime acesteia.<\/p><h1><b>\u00a0<\/b><\/h1><h4>Metode de plat\u0103<\/h4><h4>Plat\u0103 online cu cardul<\/h4><p>Pute\u021bi pl\u0103ti cu cardul dumneavoastr\u0103 personal sau de firm\u0103, \u00een acelea\u0219i condi\u021bii de securitate complet\u0103. Cardurile acceptate sunt cele emise sub siglele VISA (Classic \u0219i Electron) \u0219i MASTERCARD (inclusiv Maestro, dac\u0103 au un cod CVV2\/CVC2).<\/p><p>Nu se percep comisioane suplimentare pentru tranzac\u021bii.<\/p><p>Pentru a asigura securitatea tranzac\u021biilor, www.claudiacouture.com utilizeaz\u0103 platforma de pl\u0103\u021bi NETOPIA.<\/p><p>Pentru finalizarea corect\u0103 a tranzac\u021biei, datele necesare autoriz\u0103rii tranzac\u021biei trebuie introduse \u00een platforma de pl\u0103\u021bi.<\/p><p>Dac\u0103 cardul este asociat unui cont \u00eentr-o alt\u0103 moned\u0103 dec\u00e2t LEI, tranzac\u021biile se efectueaz\u0103 \u00een LEI, la cursul de schimb al b\u0103ncii emitente a cardului respectiv.<\/p><p>Prelucrarea datelor cu cardul se face exclusiv prin intermediul platformei de pl\u0103\u021bi NETOPIA Payments. Site-ul claudiacouture.com nu solicit\u0103 \u0219i nu stocheaz\u0103 nicio informa\u021bie legat\u0103 de cardul dumneavoastr\u0103.<\/p><p>Informa\u021bii de contact<\/p><p>Cum ne pute\u021bi contacta?<\/p><h3><b>VEC DESIGN S.R.L.<\/b><\/h3><p><span style=\"font-weight: 400;\">CIF:22305200<\/span><\/p><p>J12\/3723\/23.08.2007<\/p><p><span style=\"font-weight: 400;\">Loc. Cluj Napoca, Str. Crinului 9 A<\/span><\/p><p><span style=\"font-weight: 400;\">contact@claudiacouture.com<\/span><\/p><p><span style=\"font-weight: 400;\">Telefon: 0733535555<\/span><\/p>\t\t\t\t\t\t\t\t<\/div>\n\t\t\t\t<\/div>\n\t\t\t\t\t<\/div>\n\t\t<\/div>\n\t\t\t\t\t<\/div>\n\t\t<\/div>\n\t\t\t\t<\/div>","protected":false},"excerpt":{"rendered":"","protected":false},"author":1,"featured_media":0,"parent":0,"menu_order":0,"comment_status":"closed","ping_status":"closed","template":"","meta":{"footnotes":""},"class_list":["post-3609","page","type-page","status-publish","hentry"],"_links":{"self":[{"href":"https:\/\/claudiacouture.com\/ro\/wp-json\/wp\/v2\/pages\/3609","targetHints":{"allow":["GET"]}}],"collection":[{"href":"https:\/\/claudiacouture.com\/ro\/wp-json\/wp\/v2\/pages"}],"about":[{"href":"https:\/\/claudiacouture.com\/ro\/wp-json\/wp\/v2\/types\/page"}],"author":[{"embeddable":true,"href":"https:\/\/claudiacouture.com\/ro\/wp-json\/wp\/v2\/users\/1"}],"replies":[{"embeddable":true,"href":"https:\/\/claudiacouture.com\/ro\/wp-json\/wp\/v2\/comments?post=3609"}],"version-history":[{"count":23,"href":"https:\/\/claudiacouture.com\/ro\/wp-json\/wp\/v2\/pages\/3609\/revisions"}],"predecessor-version":[{"id":5446,"href":"https:\/\/claudiacouture.com\/ro\/wp-json\/wp\/v2\/pages\/3609\/revisions\/5446"}],"wp:attachment":[{"href":"https:\/\/claudiacouture.com\/ro\/wp-json\/wp\/v2\/media?parent=3609"}],"curies":[{"name":"wp","href":"https:\/\/api.w.org\/{rel}","templated":true}]}}