{"id":5285,"date":"2024-07-28T14:44:23","date_gmt":"2024-07-28T14:44:23","guid":{"rendered":"https:\/\/claudiacouture.com\/?post_type=product&#038;p=5285"},"modified":"2024-07-28T14:52:29","modified_gmt":"2024-07-28T14:52:29","slug":"wild-rose-dress","status":"publish","type":"product","link":"https:\/\/claudiacouture.com\/ro\/produs\/wild-rose-dress\/","title":{"rendered":"ROCHIE VAR\u0102"},"content":{"rendered":"","protected":false},"excerpt":{"rendered":"<p>Rochia Wild rose este creat\u0103 cu elastic satinat, cu o superb\u0103 croial\u0103 \u00een form\u0103 de V, fermoar pe spate \u0219i accesorii cu o grilaj ro\u0219u.<\/p>","protected":false},"featured_media":5292,"comment_status":"open","ping_status":"closed","template":"","meta":[],"product_brand":[],"product_cat":[56,51,75],"product_tag":[],"class_list":{"0":"post-5285","1":"product","2":"type-product","3":"status-publish","4":"has-post-thumbnail","6":"product_cat-day-dresses","7":"product_cat-ladies","8":"product_cat-summer-dress","10":"first","11":"instock","12":"sale","13":"taxable","14":"shipping-taxable","15":"purchasable","16":"product-type-variable"},"_links":{"self":[{"href":"https:\/\/claudiacouture.com\/ro\/wp-json\/wp\/v2\/product\/5285","targetHints":{"allow":["GET"]}}],"collection":[{"href":"https:\/\/claudiacouture.com\/ro\/wp-json\/wp\/v2\/product"}],"about":[{"href":"https:\/\/claudiacouture.com\/ro\/wp-json\/wp\/v2\/types\/product"}],"replies":[{"embeddable":true,"href":"https:\/\/claudiacouture.com\/ro\/wp-json\/wp\/v2\/comments?post=5285"}],"wp:featuredmedia":[{"embeddable":true,"href":"https:\/\/claudiacouture.com\/ro\/wp-json\/wp\/v2\/media\/5292"}],"wp:attachment":[{"href":"https:\/\/claudiacouture.com\/ro\/wp-json\/wp\/v2\/media?parent=5285"}],"wp:term":[{"taxonomy":"product_brand","embeddable":true,"href":"https:\/\/claudiacouture.com\/ro\/wp-json\/wp\/v2\/product_brand?post=5285"},{"taxonomy":"product_cat","embeddable":true,"href":"https:\/\/claudiacouture.com\/ro\/wp-json\/wp\/v2\/product_cat?post=5285"},{"taxonomy":"product_tag","embeddable":true,"href":"https:\/\/claudiacouture.com\/ro\/wp-json\/wp\/v2\/product_tag?post=5285"}],"curies":[{"name":"wp","href":"https:\/\/api.w.org\/{rel}","templated":true}]}}