{"id":5298,"date":"2024-07-28T14:55:51","date_gmt":"2024-07-28T14:55:51","guid":{"rendered":"https:\/\/claudiacouture.com\/?post_type=product&#038;p=5298"},"modified":"2024-07-28T15:05:47","modified_gmt":"2024-07-28T15:05:47","slug":"silver-summer-dress","status":"publish","type":"product","link":"https:\/\/claudiacouture.com\/ro\/produs\/silver-summer-dress\/","title":{"rendered":"ROCHIE DE VAR\u0102"},"content":{"rendered":"","protected":false},"excerpt":{"rendered":"<p>Rochia de var\u0103 argintie este confec\u021bionat\u0103 din satin elastic, elegant\u0103 \u0219i m\u0103t\u0103soas\u0103, cu croial\u0103 \u00een V \u0219i m\u00e2neci largi, foarte confortabile pentru o var\u0103 \u00eensorit\u0103. Este o crea\u021bie manual\u0103, bustul este c\u0103ptu\u0219it, iar spatele are fermoar pentru o \u00eembr\u0103care u\u0219oar\u0103.<\/p>","protected":false},"featured_media":5311,"comment_status":"open","ping_status":"closed","template":"","meta":[],"product_brand":[],"product_cat":[56,51,75],"product_tag":[],"class_list":{"0":"post-5298","1":"product","2":"type-product","3":"status-publish","4":"has-post-thumbnail","6":"product_cat-day-dresses","7":"product_cat-ladies","8":"product_cat-summer-dress","10":"first","11":"instock","12":"sale","13":"taxable","14":"shipping-taxable","15":"purchasable","16":"product-type-variable"},"_links":{"self":[{"href":"https:\/\/claudiacouture.com\/ro\/wp-json\/wp\/v2\/product\/5298","targetHints":{"allow":["GET"]}}],"collection":[{"href":"https:\/\/claudiacouture.com\/ro\/wp-json\/wp\/v2\/product"}],"about":[{"href":"https:\/\/claudiacouture.com\/ro\/wp-json\/wp\/v2\/types\/product"}],"replies":[{"embeddable":true,"href":"https:\/\/claudiacouture.com\/ro\/wp-json\/wp\/v2\/comments?post=5298"}],"wp:featuredmedia":[{"embeddable":true,"href":"https:\/\/claudiacouture.com\/ro\/wp-json\/wp\/v2\/media\/5311"}],"wp:attachment":[{"href":"https:\/\/claudiacouture.com\/ro\/wp-json\/wp\/v2\/media?parent=5298"}],"wp:term":[{"taxonomy":"product_brand","embeddable":true,"href":"https:\/\/claudiacouture.com\/ro\/wp-json\/wp\/v2\/product_brand?post=5298"},{"taxonomy":"product_cat","embeddable":true,"href":"https:\/\/claudiacouture.com\/ro\/wp-json\/wp\/v2\/product_cat?post=5298"},{"taxonomy":"product_tag","embeddable":true,"href":"https:\/\/claudiacouture.com\/ro\/wp-json\/wp\/v2\/product_tag?post=5298"}],"curies":[{"name":"wp","href":"https:\/\/api.w.org\/{rel}","templated":true}]}}